{"id":1387,"date":"2025-08-05T12:10:50","date_gmt":"2025-08-05T10:10:50","guid":{"rendered":"http:\/\/esi2alpes.com\/?page_id=1387"},"modified":"2025-08-22T16:13:07","modified_gmt":"2025-08-22T14:13:07","slug":"faq-esi-saint-christophe","status":"publish","type":"page","link":"https:\/\/esi2alpes.com\/en\/a-propos\/faq-esi-saint-christophe\/","title":{"rendered":"FAQ ESI Saint-Christophe"},"content":{"rendered":"<div  class=\"ewd-ufaq-faq-list ewd-ufaq-page-type-distinct ewd-ufaq-category-tabs-\" id='ewd-ufaq-faq-list'>\n\n\t<input type='hidden' name='show_on_load' value='' id='ewd-ufaq-show-on-load' \/>\n<input type='hidden' name='include_category' value='' id='ewd-ufaq-include-category' \/>\n<input type='hidden' name='exclude_category' value='' id='ewd-ufaq-exclude-category' \/>\n<input type='hidden' name='orderby' value='title' id='ewd-ufaq-orderby' \/>\n<input type='hidden' name='order' value='asc' id='ewd-ufaq-order' \/>\n<input type='hidden' name='post_count' value='-1' id='ewd-ufaq-post-count' \/>\n<input type='hidden' name='current_url' value='\/en\/wp-json\/wp\/v2\/pages\/1387' id='ewd-ufaq-current-url' \/>\n\t\n\t\n\t<div class='ewd-ufaq-faqs'>\n\n\t\t<div  class=\"ewd-ufaq-faq-div ewd-ufaq-faq-column-count-one ewd-ufaq-faq-responsive-columns- ewd-ufaq-faq-display-style-default ewd-ufaq-can-be-toggled\" id='ewd-ufaq-post-661-yPvoF493AH' data-post_id='661'>\n\n\t\t\n\t<div class='ewd-ufaq-faq-title ewd-ufaq-faq-toggle'>\n\t\n\t<a class='ewd-ufaq-post-margin'  href='#' role=\"button\">\n\n\t\t<div class='ewd-ufaq-post-margin-symbol ewd-ufaq-'>\n\t\t\t<span >A<\/span>\n\t\t<\/div>\n\n\t\t<div class='ewd-ufaq-faq-title-text'>\n\n\t\t\t<h4>\n\t\t\t\tWhat's better than private or group lessons?\t\t\t<\/h4>\n\n\t\t<\/div>\n\n\t\t<div class='ewd-ufaq-clear'><\/div>\n\n\t<\/a>\n\t\n<\/div>\n\t\n\t<div class='ewd-ufaq-faq-body' >\n\n\t\t\n\t\t\t\n\t\t\n\t\t\t<div class='ewd-ufaq-post-margin ewd-ufaq-faq-post'>\n\t<p>There is no single answer: everything depends on <strong>your objective and your budget<\/strong>.<\/p>\n<ul class=\"wp-block-list\">\n<li><strong>Private tuition<\/strong> offers a <strong>support 100 % personalised<\/strong>Ideal for making rapid progress, correcting specific technical points or regaining confidence in complete safety.<\/li>\n<li><strong>Group lessons<\/strong>allows you to learn in a <strong>friendly atmosphere<\/strong>by sharing the experience with other skiers of the same level, all at a very competitive price. <strong>cheaper rate<\/strong>.<\/li>\n<\/ul>\n<\/div>\n\t\t\n\t\t\t\n\t\t\n\t\t\t\n\t\t\n\t\t\t\n\t\t\n\t\t\t\n\t\t\n\t\t\t\n\t\t\n\t\t\t\n\t\t\n\t\t\t\n\t\t\n\t\t\t\n\t\t\n\t<\/div>\n\n<\/div>\n\t<\/div>\n\n\t\n<\/div>","protected":false},"excerpt":{"rendered":"<p>A What's better between private lessons and group lessons? There's no single answer: it all depends on your objective and your budget. Private lessons offer personalised 100 % support, ideal for making rapid progress, correcting specific technical points or regaining confidence in complete safety. Group lessons, [...]<\/p>","protected":false},"author":1,"featured_media":0,"parent":50,"menu_order":0,"comment_status":"closed","ping_status":"closed","template":"","meta":{"_acf_changed":false,"footnotes":""},"class_list":["post-1387","page","type-page","status-publish","hentry"],"acf":[],"yoast_head":"<!-- This site is optimized with the Yoast SEO plugin v26.9 - https:\/\/yoast.com\/product\/yoast-seo-wordpress\/ -->\n<title>FAQ Cours de ski, snowboard &amp; activit\u00e9s | ESI Les 2 Alpes<\/title>\n<meta name=\"description\" content=\"Retrouvez toutes les r\u00e9ponses \u00e0 vos questions sur les cours de ski, snowboard et les activit\u00e9s propos\u00e9es par l\u2019ESI aux 2 Alpes.\" \/>\n<meta name=\"robots\" content=\"index, follow, max-snippet:-1, max-image-preview:large, max-video-preview:-1\" \/>\n<link rel=\"canonical\" href=\"https:\/\/esi2alpes.com\/en\/a-propos\/faq-esi-saint-christophe\/\" \/>\n<meta property=\"og:locale\" content=\"en_GB\" \/>\n<meta property=\"og:type\" content=\"article\" \/>\n<meta property=\"og:title\" content=\"FAQ Cours de ski, snowboard &amp; activit\u00e9s | ESI Les 2 Alpes\" \/>\n<meta property=\"og:description\" content=\"Retrouvez toutes les r\u00e9ponses \u00e0 vos questions sur les cours de ski, snowboard et les activit\u00e9s propos\u00e9es par l\u2019ESI aux 2 Alpes.\" \/>\n<meta property=\"og:url\" content=\"https:\/\/esi2alpes.com\/en\/a-propos\/faq-esi-saint-christophe\/\" \/>\n<meta property=\"og:site_name\" content=\"ESI 2 Alpes\" \/>\n<meta property=\"article:modified_time\" content=\"2025-08-22T14:13:07+00:00\" \/>\n<meta name=\"twitter:card\" content=\"summary_large_image\" \/>\n<meta name=\"twitter:label1\" content=\"Estimated reading time\" \/>\n\t<meta name=\"twitter:data1\" content=\"46 minutes\" \/>\n<!-- \/ Yoast SEO plugin. -->","yoast_head_json":{"title":"FAQ Ski, snowboard and activities lessons | ESI Les 2 Alpes","description":"Find all the answers to your questions about ski and snowboard lessons and the activities offered by ESI in Les 2 Alpes.","robots":{"index":"index","follow":"follow","max-snippet":"max-snippet:-1","max-image-preview":"max-image-preview:large","max-video-preview":"max-video-preview:-1"},"canonical":"https:\/\/esi2alpes.com\/en\/a-propos\/faq-esi-saint-christophe\/","og_locale":"en_GB","og_type":"article","og_title":"FAQ Cours de ski, snowboard & activit\u00e9s | ESI Les 2 Alpes","og_description":"Retrouvez toutes les r\u00e9ponses \u00e0 vos questions sur les cours de ski, snowboard et les activit\u00e9s propos\u00e9es par l\u2019ESI aux 2 Alpes.","og_url":"https:\/\/esi2alpes.com\/en\/a-propos\/faq-esi-saint-christophe\/","og_site_name":"ESI 2 Alpes","article_modified_time":"2025-08-22T14:13:07+00:00","twitter_card":"summary_large_image","twitter_misc":{"Estimated reading time":"46 minutes"},"schema":{"@context":"https:\/\/schema.org","@graph":[{"@type":"WebPage","@id":"https:\/\/esi2alpes.com\/a-propos\/faq-esi-saint%e2%80%91christophe\/","url":"https:\/\/esi2alpes.com\/a-propos\/faq-esi-saint%e2%80%91christophe\/","name":"FAQ Ski, snowboard and activities lessons | ESI Les 2 Alpes","isPartOf":{"@id":"https:\/\/esi2alpes.com\/#website"},"datePublished":"2025-08-05T10:10:50+00:00","dateModified":"2025-08-22T14:13:07+00:00","description":"Find all the answers to your questions about ski and snowboard lessons and the activities offered by ESI in Les 2 Alpes.","breadcrumb":{"@id":"https:\/\/esi2alpes.com\/a-propos\/faq-esi-saint%e2%80%91christophe\/#breadcrumb"},"inLanguage":"en-GB","potentialAction":[{"@type":"ReadAction","target":["https:\/\/esi2alpes.com\/a-propos\/faq-esi-saint%e2%80%91christophe\/"]}]},{"@type":"BreadcrumbList","@id":"https:\/\/esi2alpes.com\/a-propos\/faq-esi-saint%e2%80%91christophe\/#breadcrumb","itemListElement":[{"@type":"ListItem","position":1,"name":"Accueil","item":"https:\/\/esi2alpes.com\/"},{"@type":"ListItem","position":2,"name":"A propos","item":"https:\/\/esi2alpes.com\/a-propos\/"},{"@type":"ListItem","position":3,"name":"FAQ ESI Saint\u2011Christophe"}]},{"@type":"WebSite","@id":"https:\/\/esi2alpes.com\/#website","url":"https:\/\/esi2alpes.com\/","name":"ESI 2 Alpes","description":"","publisher":{"@id":"https:\/\/esi2alpes.com\/#organization"},"potentialAction":[{"@type":"SearchAction","target":{"@type":"EntryPoint","urlTemplate":"https:\/\/esi2alpes.com\/?s={search_term_string}"},"query-input":{"@type":"PropertyValueSpecification","valueRequired":true,"valueName":"search_term_string"}}],"inLanguage":"en-GB"},{"@type":"Organization","@id":"https:\/\/esi2alpes.com\/#organization","name":"ESI St Christophe","url":"https:\/\/esi2alpes.com\/","logo":{"@type":"ImageObject","inLanguage":"en-GB","@id":"https:\/\/esi2alpes.com\/#\/schema\/logo\/image\/","url":"https:\/\/esi2alpes.com\/wp-content\/uploads\/2025\/07\/Logo-ESI-Les_2_Alpes_St_Christope-1.webp","contentUrl":"https:\/\/esi2alpes.com\/wp-content\/uploads\/2025\/07\/Logo-ESI-Les_2_Alpes_St_Christope-1.webp","width":193,"height":200,"caption":"ESI St Christophe"},"image":{"@id":"https:\/\/esi2alpes.com\/#\/schema\/logo\/image\/"}}]}},"_links":{"self":[{"href":"https:\/\/esi2alpes.com\/en\/wp-json\/wp\/v2\/pages\/1387","targetHints":{"allow":["GET"]}}],"collection":[{"href":"https:\/\/esi2alpes.com\/en\/wp-json\/wp\/v2\/pages"}],"about":[{"href":"https:\/\/esi2alpes.com\/en\/wp-json\/wp\/v2\/types\/page"}],"author":[{"embeddable":true,"href":"https:\/\/esi2alpes.com\/en\/wp-json\/wp\/v2\/users\/1"}],"replies":[{"embeddable":true,"href":"https:\/\/esi2alpes.com\/en\/wp-json\/wp\/v2\/comments?post=1387"}],"version-history":[{"count":47,"href":"https:\/\/esi2alpes.com\/en\/wp-json\/wp\/v2\/pages\/1387\/revisions"}],"predecessor-version":[{"id":2094,"href":"https:\/\/esi2alpes.com\/en\/wp-json\/wp\/v2\/pages\/1387\/revisions\/2094"}],"up":[{"embeddable":true,"href":"https:\/\/esi2alpes.com\/en\/wp-json\/wp\/v2\/pages\/50"}],"wp:attachment":[{"href":"https:\/\/esi2alpes.com\/en\/wp-json\/wp\/v2\/media?parent=1387"}],"curies":[{"name":"wp","href":"https:\/\/api.w.org\/{rel}","templated":true}]}}