{"id":440,"date":"2025-07-09T12:10:48","date_gmt":"2025-07-09T10:10:48","guid":{"rendered":"http:\/\/esi2alpes.com\/?page_id=440"},"modified":"2025-08-24T12:57:13","modified_gmt":"2025-08-24T10:57:13","slug":"groups-for-teenagers-and-adults","status":"publish","type":"page","link":"https:\/\/esi2alpes.com\/en\/ski-lessons\/groups-for-teenagers-and-adults\/","title":{"rendered":"Teen \/ adult groups"},"content":{"rendered":"<div  class=\"ewd-ufaq-faq-list ewd-ufaq-page-type-distinct ewd-ufaq-category-tabs-\" id='ewd-ufaq-faq-list'>\n\n\t<input type='hidden' name='show_on_load' value='' id='ewd-ufaq-show-on-load' \/>\n<input type='hidden' name='include_category' value='' id='ewd-ufaq-include-category' \/>\n<input type='hidden' name='exclude_category' value='' id='ewd-ufaq-exclude-category' \/>\n<input type='hidden' name='orderby' value='title' id='ewd-ufaq-orderby' \/>\n<input type='hidden' name='order' value='asc' id='ewd-ufaq-order' \/>\n<input type='hidden' name='post_count' value='-1' id='ewd-ufaq-post-count' \/>\n<input type='hidden' name='current_url' value='\/en\/wp-json\/wp\/v2\/pages\/440' id='ewd-ufaq-current-url' \/>\n\t\n\t\n\t<div class='ewd-ufaq-faqs'>\n\n\t\t<div  class=\"ewd-ufaq-faq-div ewd-ufaq-faq-column-count-one ewd-ufaq-faq-responsive-columns- ewd-ufaq-faq-display-style-default ewd-ufaq-can-be-toggled\" id='ewd-ufaq-post-272-00n5LCZyXK' data-post_id='272'>\n\n\t\t\n\t<div class='ewd-ufaq-faq-title ewd-ufaq-faq-toggle'>\n\t\n\t<a class='ewd-ufaq-post-margin'  href='#' role=\"button\">\n\n\t\t<div class='ewd-ufaq-post-margin-symbol ewd-ufaq-'>\n\t\t\t<span >A<\/span>\n\t\t<\/div>\n\n\t\t<div class='ewd-ufaq-faq-title-text'>\n\n\t\t\t<h4>\n\t\t\t\tWhat are the course timetables?\t\t\t<\/h4>\n\n\t\t<\/div>\n\n\t\t<div class='ewd-ufaq-clear'><\/div>\n\n\t<\/a>\n\t\n<\/div>\n\t\n\t<div class='ewd-ufaq-faq-body' >\n\n\t\t\n\t\t\t\n\t\t\n\t\t\t<div class='ewd-ufaq-post-margin ewd-ufaq-faq-post'>\n\t<p>Classes run from 9.30am to 12pm. During the school holidays, a session from 2.30pm to 5pm is also available.<\/p>\n<\/div>\n\t\t\n\t\t\t\n\t\t\n\t\t\t\n\t\t\n\t\t\t\n\t\t\n\t\t\t\n\t\t\n\t\t\t\n\t\t\n\t\t\t\n\t\t\n\t\t\t\n\t\t\n\t\t\t\n\t\t\n\t<\/div>\n\n<\/div>\n\t<\/div>\n\n\t\n<\/div>","protected":false},"excerpt":{"rendered":"<p>A What are the class times? Classes run from 9.30am to 12pm. During the school holidays, a session from 2.30pm to 5pm is also available.<\/p>","protected":false},"author":1,"featured_media":0,"parent":39,"menu_order":0,"comment_status":"closed","ping_status":"closed","template":"","meta":{"_acf_changed":false,"footnotes":""},"class_list":["post-440","page","type-page","status-publish","hentry"],"acf":[],"yoast_head":"<!-- This site is optimized with the Yoast SEO plugin v26.9 - https:\/\/yoast.com\/product\/yoast-seo-wordpress\/ -->\n<title>Cours collectifs adultes Les 2 Alpes - Skiez avec l\u2019ESI - petit groupe<\/title>\n<meta name=\"description\" content=\"Cours collectifs adultes aux 2 Alpes avec l\u2019ESI. Petits groupes, moniteurs dipl\u00f4m\u00e9s, progression garantie. Accessible aux ados d\u00e8s 13 ans.\" \/>\n<meta name=\"robots\" content=\"index, follow, max-snippet:-1, max-image-preview:large, max-video-preview:-1\" \/>\n<link rel=\"canonical\" href=\"https:\/\/esi2alpes.com\/en\/ski-lessons\/groups-for-teenagers-and-adults\/\" \/>\n<meta property=\"og:locale\" content=\"en_GB\" \/>\n<meta property=\"og:type\" content=\"article\" \/>\n<meta property=\"og:title\" content=\"Cours collectifs adultes Les 2 Alpes - Skiez avec l\u2019ESI - petit groupe\" \/>\n<meta property=\"og:description\" content=\"Cours collectifs adultes aux 2 Alpes avec l\u2019ESI. Petits groupes, moniteurs dipl\u00f4m\u00e9s, progression garantie. Accessible aux ados d\u00e8s 13 ans.\" \/>\n<meta property=\"og:url\" content=\"https:\/\/esi2alpes.com\/en\/ski-lessons\/groups-for-teenagers-and-adults\/\" \/>\n<meta property=\"og:site_name\" content=\"ESI 2 Alpes\" \/>\n<meta property=\"article:modified_time\" content=\"2025-08-24T10:57:13+00:00\" \/>\n<meta name=\"twitter:card\" content=\"summary_large_image\" \/>\n<meta name=\"twitter:label1\" content=\"Estimated reading time\" \/>\n\t<meta name=\"twitter:data1\" content=\"19 minutes\" \/>\n<!-- \/ Yoast SEO plugin. -->","yoast_head_json":{"title":"Group lessons adults Les 2 Alpes - Ski with ESI - small group","description":"Group lessons for adults in Les 2 Alpes with ESI. Small groups, qualified instructors, guaranteed progress. Open to teenagers aged 13 and over.","robots":{"index":"index","follow":"follow","max-snippet":"max-snippet:-1","max-image-preview":"max-image-preview:large","max-video-preview":"max-video-preview:-1"},"canonical":"https:\/\/esi2alpes.com\/en\/ski-lessons\/groups-for-teenagers-and-adults\/","og_locale":"en_GB","og_type":"article","og_title":"Cours collectifs adultes Les 2 Alpes - Skiez avec l\u2019ESI - petit groupe","og_description":"Cours collectifs adultes aux 2 Alpes avec l\u2019ESI. Petits groupes, moniteurs dipl\u00f4m\u00e9s, progression garantie. Accessible aux ados d\u00e8s 13 ans.","og_url":"https:\/\/esi2alpes.com\/en\/ski-lessons\/groups-for-teenagers-and-adults\/","og_site_name":"ESI 2 Alpes","article_modified_time":"2025-08-24T10:57:13+00:00","twitter_card":"summary_large_image","twitter_misc":{"Estimated reading time":"19 minutes"},"schema":{"@context":"https:\/\/schema.org","@graph":[{"@type":"WebPage","@id":"https:\/\/esi2alpes.com\/cours-de-ski\/collectifs-ado-adultes\/","url":"https:\/\/esi2alpes.com\/cours-de-ski\/collectifs-ado-adultes\/","name":"Group lessons adults Les 2 Alpes - Ski with ESI - small group","isPartOf":{"@id":"https:\/\/esi2alpes.com\/#website"},"datePublished":"2025-07-09T10:10:48+00:00","dateModified":"2025-08-24T10:57:13+00:00","description":"Group lessons for adults in Les 2 Alpes with ESI. Small groups, qualified instructors, guaranteed progress. Open to teenagers aged 13 and over.","breadcrumb":{"@id":"https:\/\/esi2alpes.com\/cours-de-ski\/collectifs-ado-adultes\/#breadcrumb"},"inLanguage":"en-GB","potentialAction":[{"@type":"ReadAction","target":["https:\/\/esi2alpes.com\/cours-de-ski\/collectifs-ado-adultes\/"]}]},{"@type":"BreadcrumbList","@id":"https:\/\/esi2alpes.com\/cours-de-ski\/collectifs-ado-adultes\/#breadcrumb","itemListElement":[{"@type":"ListItem","position":1,"name":"Accueil","item":"https:\/\/esi2alpes.com\/"},{"@type":"ListItem","position":2,"name":"Cours de ski","item":"https:\/\/esi2alpes.com\/cours-de-ski\/"},{"@type":"ListItem","position":3,"name":"Collectifs ado \/ adultes"}]},{"@type":"WebSite","@id":"https:\/\/esi2alpes.com\/#website","url":"https:\/\/esi2alpes.com\/","name":"ESI 2 Alpes","description":"","publisher":{"@id":"https:\/\/esi2alpes.com\/#organization"},"potentialAction":[{"@type":"SearchAction","target":{"@type":"EntryPoint","urlTemplate":"https:\/\/esi2alpes.com\/?s={search_term_string}"},"query-input":{"@type":"PropertyValueSpecification","valueRequired":true,"valueName":"search_term_string"}}],"inLanguage":"en-GB"},{"@type":"Organization","@id":"https:\/\/esi2alpes.com\/#organization","name":"ESI St Christophe","url":"https:\/\/esi2alpes.com\/","logo":{"@type":"ImageObject","inLanguage":"en-GB","@id":"https:\/\/esi2alpes.com\/#\/schema\/logo\/image\/","url":"https:\/\/esi2alpes.com\/wp-content\/uploads\/2025\/07\/Logo-ESI-Les_2_Alpes_St_Christope-1.webp","contentUrl":"https:\/\/esi2alpes.com\/wp-content\/uploads\/2025\/07\/Logo-ESI-Les_2_Alpes_St_Christope-1.webp","width":193,"height":200,"caption":"ESI St Christophe"},"image":{"@id":"https:\/\/esi2alpes.com\/#\/schema\/logo\/image\/"}}]}},"_links":{"self":[{"href":"https:\/\/esi2alpes.com\/en\/wp-json\/wp\/v2\/pages\/440","targetHints":{"allow":["GET"]}}],"collection":[{"href":"https:\/\/esi2alpes.com\/en\/wp-json\/wp\/v2\/pages"}],"about":[{"href":"https:\/\/esi2alpes.com\/en\/wp-json\/wp\/v2\/types\/page"}],"author":[{"embeddable":true,"href":"https:\/\/esi2alpes.com\/en\/wp-json\/wp\/v2\/users\/1"}],"replies":[{"embeddable":true,"href":"https:\/\/esi2alpes.com\/en\/wp-json\/wp\/v2\/comments?post=440"}],"version-history":[{"count":45,"href":"https:\/\/esi2alpes.com\/en\/wp-json\/wp\/v2\/pages\/440\/revisions"}],"predecessor-version":[{"id":2313,"href":"https:\/\/esi2alpes.com\/en\/wp-json\/wp\/v2\/pages\/440\/revisions\/2313"}],"up":[{"embeddable":true,"href":"https:\/\/esi2alpes.com\/en\/wp-json\/wp\/v2\/pages\/39"}],"wp:attachment":[{"href":"https:\/\/esi2alpes.com\/en\/wp-json\/wp\/v2\/media?parent=440"}],"curies":[{"name":"wp","href":"https:\/\/api.w.org\/{rel}","templated":true}]}}