{"id":46,"date":"2025-07-03T16:17:00","date_gmt":"2025-07-03T14:17:00","guid":{"rendered":"http:\/\/esi2alpes.com\/?page_id=46"},"modified":"2025-08-24T13:11:16","modified_gmt":"2025-08-24T11:11:16","slug":"outdoor-activities","status":"publish","type":"page","link":"https:\/\/esi2alpes.com\/en\/outdoor-activities\/","title":{"rendered":"Outdoor activities"},"content":{"rendered":"<div  class=\"ewd-ufaq-faq-list ewd-ufaq-page-type-distinct ewd-ufaq-category-tabs-\" id='ewd-ufaq-faq-list'>\n\n\t<input type='hidden' name='show_on_load' value='' id='ewd-ufaq-show-on-load' \/>\n<input type='hidden' name='include_category' value='' id='ewd-ufaq-include-category' \/>\n<input type='hidden' name='exclude_category' value='' id='ewd-ufaq-exclude-category' \/>\n<input type='hidden' name='orderby' value='title' id='ewd-ufaq-orderby' \/>\n<input type='hidden' name='order' value='asc' id='ewd-ufaq-order' \/>\n<input type='hidden' name='post_count' value='-1' id='ewd-ufaq-post-count' \/>\n<input type='hidden' name='current_url' value='\/en\/wp-json\/wp\/v2\/pages\/46' id='ewd-ufaq-current-url' \/>\n\t\n\t\n\t<div class='ewd-ufaq-faqs'>\n\n\t\t<div  class=\"ewd-ufaq-faq-div ewd-ufaq-faq-column-count-one ewd-ufaq-faq-responsive-columns- ewd-ufaq-faq-display-style-default ewd-ufaq-can-be-toggled\" id='ewd-ufaq-post-705-vgaESREwy9' data-post_id='705'>\n\n\t\t\n\t<div class='ewd-ufaq-faq-title ewd-ufaq-faq-toggle'>\n\t\n\t<a class='ewd-ufaq-post-margin'  href='#' role=\"button\">\n\n\t\t<div class='ewd-ufaq-post-margin-symbol ewd-ufaq-'>\n\t\t\t<span >A<\/span>\n\t\t<\/div>\n\n\t\t<div class='ewd-ufaq-faq-title-text'>\n\n\t\t\t<h4>\n\t\t\t\tAre there any activities for families with children in Les 2 Alpes?\t\t\t<\/h4>\n\n\t\t<\/div>\n\n\t\t<div class='ewd-ufaq-clear'><\/div>\n\n\t<\/a>\n\t\n<\/div>\n\t\n\t<div class='ewd-ufaq-faq-body' >\n\n\t\t\n\t\t\t\n\t\t\n\t\t\t<div class='ewd-ufaq-post-margin ewd-ufaq-faq-post'>\n\t<p>Yes, our <strong>outdoor activities are perfect for families<\/strong>. From a very young age, children can enjoy snowshoe outings, Snake Gliss descents from 1m30 or a fun introduction to biathlon from age 7. It's a great way to share time together, in a safe and friendly environment.<\/p><\/p>\n<\/div>\n\t\t\n\t\t\t\n\t\t\n\t\t\t\n\t\t\n\t\t\t\n\t\t\n\t\t\t\n\t\t\n\t\t\t\n\t\t\n\t\t\t\n\t\t\n\t\t\t\n\t\t\n\t\t\t\n\t\t\n\t<\/div>\n\n<\/div>\n\t<\/div>\n\n\t\n<\/div>","protected":false},"excerpt":{"rendered":"<p>A Are there any activities for families with children in Les 2 Alpes? Yes, our outdoor activities are perfectly suited to families. From a very young age, children can enjoy snowshoe outings, Snake Gliss descents from 1m30 or a fun introduction to biathlon from age 7. Time for sharing [...]<\/p>","protected":false},"author":1,"featured_media":0,"parent":0,"menu_order":0,"comment_status":"closed","ping_status":"closed","template":"","meta":{"_acf_changed":false,"footnotes":""},"class_list":["post-46","page","type-page","status-publish","hentry"],"acf":[],"yoast_head":"<!-- This site is optimized with the Yoast SEO plugin v26.9 - https:\/\/yoast.com\/product\/yoast-seo-wordpress\/ -->\n<title>Activit\u00e9s aux Les 2 Alpes | Snake Gliss, Raquette, Biathlon &amp; Plus<\/title>\n<meta name=\"description\" content=\"Partez \u00e0 la d\u00e9couverte des activit\u00e9s outdoor aux 2 Alpes avec l\u2019ESI : randonn\u00e9e raquette, snake gliss, biathlon, descente nocturne\u2026\" \/>\n<meta name=\"robots\" content=\"index, follow, max-snippet:-1, max-image-preview:large, max-video-preview:-1\" \/>\n<link rel=\"canonical\" href=\"https:\/\/esi2alpes.com\/en\/outdoor-activities\/\" \/>\n<meta property=\"og:locale\" content=\"en_GB\" \/>\n<meta property=\"og:type\" content=\"article\" \/>\n<meta property=\"og:title\" content=\"Activit\u00e9s aux Les 2 Alpes | Snake Gliss, Raquette, Biathlon &amp; Plus\" \/>\n<meta property=\"og:description\" content=\"Partez \u00e0 la d\u00e9couverte des activit\u00e9s outdoor aux 2 Alpes avec l\u2019ESI : randonn\u00e9e raquette, snake gliss, biathlon, descente nocturne\u2026\" \/>\n<meta property=\"og:url\" content=\"https:\/\/esi2alpes.com\/en\/outdoor-activities\/\" \/>\n<meta property=\"og:site_name\" content=\"ESI 2 Alpes\" \/>\n<meta property=\"article:modified_time\" content=\"2025-08-24T11:11:16+00:00\" \/>\n<meta name=\"twitter:card\" content=\"summary_large_image\" \/>\n<meta name=\"twitter:label1\" content=\"Estimated reading time\" \/>\n\t<meta name=\"twitter:data1\" content=\"19 minutes\" \/>\n<!-- \/ Yoast SEO plugin. -->","yoast_head_json":{"title":"Activities in Les 2 Alpes | Snake Gliss, Raquette, Biathlon &amp; More","description":"Discover outdoor activities in Les 2 Alpes with ESI: snowshoeing, snake gliss, biathlon, night skiing...","robots":{"index":"index","follow":"follow","max-snippet":"max-snippet:-1","max-image-preview":"max-image-preview:large","max-video-preview":"max-video-preview:-1"},"canonical":"https:\/\/esi2alpes.com\/en\/outdoor-activities\/","og_locale":"en_GB","og_type":"article","og_title":"Activit\u00e9s aux Les 2 Alpes | Snake Gliss, Raquette, Biathlon & Plus","og_description":"Partez \u00e0 la d\u00e9couverte des activit\u00e9s outdoor aux 2 Alpes avec l\u2019ESI : randonn\u00e9e raquette, snake gliss, biathlon, descente nocturne\u2026","og_url":"https:\/\/esi2alpes.com\/en\/outdoor-activities\/","og_site_name":"ESI 2 Alpes","article_modified_time":"2025-08-24T11:11:16+00:00","twitter_card":"summary_large_image","twitter_misc":{"Estimated reading time":"19 minutes"},"schema":{"@context":"https:\/\/schema.org","@graph":[{"@type":"WebPage","@id":"https:\/\/esi2alpes.com\/activites-outdoor\/","url":"https:\/\/esi2alpes.com\/activites-outdoor\/","name":"Activities in Les 2 Alpes | Snake Gliss, Raquette, Biathlon &amp; More","isPartOf":{"@id":"https:\/\/esi2alpes.com\/#website"},"datePublished":"2025-07-03T14:17:00+00:00","dateModified":"2025-08-24T11:11:16+00:00","description":"Discover outdoor activities in Les 2 Alpes with ESI: snowshoeing, snake gliss, biathlon, night skiing...","breadcrumb":{"@id":"https:\/\/esi2alpes.com\/activites-outdoor\/#breadcrumb"},"inLanguage":"en-GB","potentialAction":[{"@type":"ReadAction","target":["https:\/\/esi2alpes.com\/activites-outdoor\/"]}]},{"@type":"BreadcrumbList","@id":"https:\/\/esi2alpes.com\/activites-outdoor\/#breadcrumb","itemListElement":[{"@type":"ListItem","position":1,"name":"Accueil","item":"https:\/\/esi2alpes.com\/"},{"@type":"ListItem","position":2,"name":"Activit\u00e9s outdoor"}]},{"@type":"WebSite","@id":"https:\/\/esi2alpes.com\/#website","url":"https:\/\/esi2alpes.com\/","name":"ESI 2 Alpes","description":"","publisher":{"@id":"https:\/\/esi2alpes.com\/#organization"},"potentialAction":[{"@type":"SearchAction","target":{"@type":"EntryPoint","urlTemplate":"https:\/\/esi2alpes.com\/?s={search_term_string}"},"query-input":{"@type":"PropertyValueSpecification","valueRequired":true,"valueName":"search_term_string"}}],"inLanguage":"en-GB"},{"@type":"Organization","@id":"https:\/\/esi2alpes.com\/#organization","name":"ESI St Christophe","url":"https:\/\/esi2alpes.com\/","logo":{"@type":"ImageObject","inLanguage":"en-GB","@id":"https:\/\/esi2alpes.com\/#\/schema\/logo\/image\/","url":"https:\/\/esi2alpes.com\/wp-content\/uploads\/2025\/07\/Logo-ESI-Les_2_Alpes_St_Christope-1.webp","contentUrl":"https:\/\/esi2alpes.com\/wp-content\/uploads\/2025\/07\/Logo-ESI-Les_2_Alpes_St_Christope-1.webp","width":193,"height":200,"caption":"ESI St Christophe"},"image":{"@id":"https:\/\/esi2alpes.com\/#\/schema\/logo\/image\/"}}]}},"_links":{"self":[{"href":"https:\/\/esi2alpes.com\/en\/wp-json\/wp\/v2\/pages\/46","targetHints":{"allow":["GET"]}}],"collection":[{"href":"https:\/\/esi2alpes.com\/en\/wp-json\/wp\/v2\/pages"}],"about":[{"href":"https:\/\/esi2alpes.com\/en\/wp-json\/wp\/v2\/types\/page"}],"author":[{"embeddable":true,"href":"https:\/\/esi2alpes.com\/en\/wp-json\/wp\/v2\/users\/1"}],"replies":[{"embeddable":true,"href":"https:\/\/esi2alpes.com\/en\/wp-json\/wp\/v2\/comments?post=46"}],"version-history":[{"count":79,"href":"https:\/\/esi2alpes.com\/en\/wp-json\/wp\/v2\/pages\/46\/revisions"}],"predecessor-version":[{"id":2195,"href":"https:\/\/esi2alpes.com\/en\/wp-json\/wp\/v2\/pages\/46\/revisions\/2195"}],"wp:attachment":[{"href":"https:\/\/esi2alpes.com\/en\/wp-json\/wp\/v2\/media?parent=46"}],"curies":[{"name":"wp","href":"https:\/\/api.w.org\/{rel}","templated":true}]}}