{"id":480,"date":"2025-07-09T14:32:33","date_gmt":"2025-07-09T12:32:33","guid":{"rendered":"http:\/\/esi2alpes.com\/?page_id=480"},"modified":"2025-08-24T13:08:32","modified_gmt":"2025-08-24T11:08:32","slug":"private-snowboard-lesson","status":"publish","type":"page","link":"https:\/\/esi2alpes.com\/en\/snowboard-lessons\/private-snowboard-lesson\/","title":{"rendered":"private snowboard lesson"},"content":{"rendered":"<div  class=\"ewd-ufaq-faq-list ewd-ufaq-page-type-distinct ewd-ufaq-category-tabs-\" id='ewd-ufaq-faq-list'>\n\n\t<input type='hidden' name='show_on_load' value='' id='ewd-ufaq-show-on-load' \/>\n<input type='hidden' name='include_category' value='' id='ewd-ufaq-include-category' \/>\n<input type='hidden' name='exclude_category' value='' id='ewd-ufaq-exclude-category' \/>\n<input type='hidden' name='orderby' value='title' id='ewd-ufaq-orderby' \/>\n<input type='hidden' name='order' value='asc' id='ewd-ufaq-order' \/>\n<input type='hidden' name='post_count' value='-1' id='ewd-ufaq-post-count' \/>\n<input type='hidden' name='current_url' value='\/en\/wp-json\/wp\/v2\/pages\/480' id='ewd-ufaq-current-url' \/>\n\t\n\t\n\t<div class='ewd-ufaq-faqs'>\n\n\t\t<div  class=\"ewd-ufaq-faq-div ewd-ufaq-faq-column-count-one ewd-ufaq-faq-responsive-columns- ewd-ufaq-faq-display-style-default ewd-ufaq-can-be-toggled\" id='ewd-ufaq-post-830-ZAX33zEnML' data-post_id='830'>\n\n\t\t\n\t<div class='ewd-ufaq-faq-title ewd-ufaq-faq-toggle'>\n\t\n\t<a class='ewd-ufaq-post-margin'  href='#' role=\"button\">\n\n\t\t<div class='ewd-ufaq-post-margin-symbol ewd-ufaq-'>\n\t\t\t<span >A<\/span>\n\t\t<\/div>\n\n\t\t<div class='ewd-ufaq-faq-title-text'>\n\n\t\t\t<h4>\n\t\t\t\tHow long is the ideal private snowboard lesson?\t\t\t<\/h4>\n\n\t\t<\/div>\n\n\t\t<div class='ewd-ufaq-clear'><\/div>\n\n\t<\/a>\n\t\n<\/div>\n\t\n\t<div class='ewd-ufaq-faq-body' >\n\n\t\t\n\t\t\t\n\t\t\n\t\t\t<div class='ewd-ufaq-post-margin ewd-ufaq-faq-post'>\n\t<p>The ideal duration depends on your <strong>age<\/strong>of your <strong>level<\/strong> and your <strong>objectives<\/strong>.<\/p>\n<p>For a <strong>young child aged 6 or 7<\/strong>a<strong>1 hour<\/strong> is often enough for a fun introduction to snowboarding and the first balance exercises.<\/p>\n<p>On the other hand, for a <strong>intermediate or advanced level<\/strong>we recommend <strong>1h30 to 2h minimum<\/strong>. This allows you to reach more suitable slopes, warm up efficiently and work on technical points such as turns and posture on varied terrain.<\/p>\n<p>\ud83d\udc49 <strong>Do you need personalised advice?<\/strong> Contact us and we'll help you choose the ideal duration for your profile and expectations.<\/p><\/p>\n<\/div>\n\t\t\n\t\t\t\n\t\t\n\t\t\t\n\t\t\n\t\t\t\n\t\t\n\t\t\t\n\t\t\n\t\t\t\n\t\t\n\t\t\t\n\t\t\n\t\t\t\n\t\t\n\t\t\t\n\t\t\n\t<\/div>\n\n<\/div>\n\t<\/div>\n\n\t\n<\/div>","protected":false},"excerpt":{"rendered":"<p>A What is the ideal length of private lessons in snowboarding? The ideal duration depends on your age, level and objectives. For a young child aged 6 or 7, a 1-hour session is often enough for a fun introduction to snowboarding and the first balance exercises. On the other hand, for [...]<\/p>","protected":false},"author":1,"featured_media":0,"parent":42,"menu_order":0,"comment_status":"closed","ping_status":"closed","template":"","meta":{"_acf_changed":false,"footnotes":""},"class_list":["post-480","page","type-page","status-publish","hentry"],"acf":[],"yoast_head":"<!-- This site is optimized with the Yoast SEO plugin v26.9 - https:\/\/yoast.com\/product\/yoast-seo-wordpress\/ -->\n<title>Cours de snowboard particulier - Les 2 Alpes - Rider avec l\u2019ESI<\/title>\n<meta name=\"description\" content=\"Progressez \u00e0 votre rythme gr\u00e2ce aux cours particuliers de snowboard. Un moniteur d\u00e9di\u00e9, des conseils personnalis\u00e9s, pour tous les niveaux.\" \/>\n<meta name=\"robots\" content=\"index, follow, max-snippet:-1, max-image-preview:large, max-video-preview:-1\" \/>\n<link rel=\"canonical\" href=\"https:\/\/esi2alpes.com\/en\/snowboard-lessons\/private-snowboard-lesson\/\" \/>\n<meta property=\"og:locale\" content=\"en_GB\" \/>\n<meta property=\"og:type\" content=\"article\" \/>\n<meta property=\"og:title\" content=\"Cours de snowboard particulier - Les 2 Alpes - Rider avec l\u2019ESI\" \/>\n<meta property=\"og:description\" content=\"Progressez \u00e0 votre rythme gr\u00e2ce aux cours particuliers de snowboard. Un moniteur d\u00e9di\u00e9, des conseils personnalis\u00e9s, pour tous les niveaux.\" \/>\n<meta property=\"og:url\" content=\"https:\/\/esi2alpes.com\/en\/snowboard-lessons\/private-snowboard-lesson\/\" \/>\n<meta property=\"og:site_name\" content=\"ESI 2 Alpes\" \/>\n<meta property=\"article:modified_time\" content=\"2025-08-24T11:08:32+00:00\" \/>\n<meta name=\"twitter:card\" content=\"summary_large_image\" \/>\n<meta name=\"twitter:label1\" content=\"Estimated reading time\" \/>\n\t<meta name=\"twitter:data1\" content=\"19 minutes\" \/>\n<!-- \/ Yoast SEO plugin. -->","yoast_head_json":{"title":"Private snowboard lessons - Les 2 Alpes - Rider with ESI","description":"Progress at your own pace with private snowboard lessons. A dedicated instructor and personalised advice for all levels.","robots":{"index":"index","follow":"follow","max-snippet":"max-snippet:-1","max-image-preview":"max-image-preview:large","max-video-preview":"max-video-preview:-1"},"canonical":"https:\/\/esi2alpes.com\/en\/snowboard-lessons\/private-snowboard-lesson\/","og_locale":"en_GB","og_type":"article","og_title":"Cours de snowboard particulier - Les 2 Alpes - Rider avec l\u2019ESI","og_description":"Progressez \u00e0 votre rythme gr\u00e2ce aux cours particuliers de snowboard. Un moniteur d\u00e9di\u00e9, des conseils personnalis\u00e9s, pour tous les niveaux.","og_url":"https:\/\/esi2alpes.com\/en\/snowboard-lessons\/private-snowboard-lesson\/","og_site_name":"ESI 2 Alpes","article_modified_time":"2025-08-24T11:08:32+00:00","twitter_card":"summary_large_image","twitter_misc":{"Estimated reading time":"19 minutes"},"schema":{"@context":"https:\/\/schema.org","@graph":[{"@type":"WebPage","@id":"https:\/\/esi2alpes.com\/cours-de-snowboard\/cours-de-snowboard-particulier\/","url":"https:\/\/esi2alpes.com\/cours-de-snowboard\/cours-de-snowboard-particulier\/","name":"Private snowboard lessons - Les 2 Alpes - Rider with ESI","isPartOf":{"@id":"https:\/\/esi2alpes.com\/#website"},"datePublished":"2025-07-09T12:32:33+00:00","dateModified":"2025-08-24T11:08:32+00:00","description":"Progress at your own pace with private snowboard lessons. A dedicated instructor and personalised advice for all levels.","breadcrumb":{"@id":"https:\/\/esi2alpes.com\/cours-de-snowboard\/cours-de-snowboard-particulier\/#breadcrumb"},"inLanguage":"en-GB","potentialAction":[{"@type":"ReadAction","target":["https:\/\/esi2alpes.com\/cours-de-snowboard\/cours-de-snowboard-particulier\/"]}]},{"@type":"BreadcrumbList","@id":"https:\/\/esi2alpes.com\/cours-de-snowboard\/cours-de-snowboard-particulier\/#breadcrumb","itemListElement":[{"@type":"ListItem","position":1,"name":"Accueil","item":"https:\/\/esi2alpes.com\/"},{"@type":"ListItem","position":2,"name":"Cours de snowboard","item":"https:\/\/esi2alpes.com\/cours-de-snowboard\/"},{"@type":"ListItem","position":3,"name":"cours de snowboard particulier"}]},{"@type":"WebSite","@id":"https:\/\/esi2alpes.com\/#website","url":"https:\/\/esi2alpes.com\/","name":"ESI 2 Alpes","description":"","publisher":{"@id":"https:\/\/esi2alpes.com\/#organization"},"potentialAction":[{"@type":"SearchAction","target":{"@type":"EntryPoint","urlTemplate":"https:\/\/esi2alpes.com\/?s={search_term_string}"},"query-input":{"@type":"PropertyValueSpecification","valueRequired":true,"valueName":"search_term_string"}}],"inLanguage":"en-GB"},{"@type":"Organization","@id":"https:\/\/esi2alpes.com\/#organization","name":"ESI St Christophe","url":"https:\/\/esi2alpes.com\/","logo":{"@type":"ImageObject","inLanguage":"en-GB","@id":"https:\/\/esi2alpes.com\/#\/schema\/logo\/image\/","url":"https:\/\/esi2alpes.com\/wp-content\/uploads\/2025\/07\/Logo-ESI-Les_2_Alpes_St_Christope-1.webp","contentUrl":"https:\/\/esi2alpes.com\/wp-content\/uploads\/2025\/07\/Logo-ESI-Les_2_Alpes_St_Christope-1.webp","width":193,"height":200,"caption":"ESI St Christophe"},"image":{"@id":"https:\/\/esi2alpes.com\/#\/schema\/logo\/image\/"}}]}},"_links":{"self":[{"href":"https:\/\/esi2alpes.com\/en\/wp-json\/wp\/v2\/pages\/480","targetHints":{"allow":["GET"]}}],"collection":[{"href":"https:\/\/esi2alpes.com\/en\/wp-json\/wp\/v2\/pages"}],"about":[{"href":"https:\/\/esi2alpes.com\/en\/wp-json\/wp\/v2\/types\/page"}],"author":[{"embeddable":true,"href":"https:\/\/esi2alpes.com\/en\/wp-json\/wp\/v2\/users\/1"}],"replies":[{"embeddable":true,"href":"https:\/\/esi2alpes.com\/en\/wp-json\/wp\/v2\/comments?post=480"}],"version-history":[{"count":35,"href":"https:\/\/esi2alpes.com\/en\/wp-json\/wp\/v2\/pages\/480\/revisions"}],"predecessor-version":[{"id":2192,"href":"https:\/\/esi2alpes.com\/en\/wp-json\/wp\/v2\/pages\/480\/revisions\/2192"}],"up":[{"embeddable":true,"href":"https:\/\/esi2alpes.com\/en\/wp-json\/wp\/v2\/pages\/42"}],"wp:attachment":[{"href":"https:\/\/esi2alpes.com\/en\/wp-json\/wp\/v2\/media?parent=480"}],"curies":[{"name":"wp","href":"https:\/\/api.w.org\/{rel}","templated":true}]}}