{"id":544,"date":"2025-07-10T15:42:21","date_gmt":"2025-07-10T13:42:21","guid":{"rendered":"http:\/\/esi2alpes.com\/?page_id=544"},"modified":"2025-08-22T15:30:39","modified_gmt":"2025-08-22T13:30:39","slug":"snow-class","status":"publish","type":"page","link":"https:\/\/esi2alpes.com\/en\/groups\/snow-class\/","title":{"rendered":"Snow class"},"content":{"rendered":"<div  class=\"ewd-ufaq-faq-list ewd-ufaq-page-type-distinct ewd-ufaq-category-tabs-\" id='ewd-ufaq-faq-list'>\n\n\t<input type='hidden' name='show_on_load' value='' id='ewd-ufaq-show-on-load' \/>\n<input type='hidden' name='include_category' value='' id='ewd-ufaq-include-category' \/>\n<input type='hidden' name='exclude_category' value='' id='ewd-ufaq-exclude-category' \/>\n<input type='hidden' name='orderby' value='title' id='ewd-ufaq-orderby' \/>\n<input type='hidden' name='order' value='asc' id='ewd-ufaq-order' \/>\n<input type='hidden' name='post_count' value='-1' id='ewd-ufaq-post-count' \/>\n<input type='hidden' name='current_url' value='\/en\/wp-json\/wp\/v2\/pages\/544' id='ewd-ufaq-current-url' \/>\n\t\n\t\n\t<div class='ewd-ufaq-faqs'>\n\n\t\t<div  class=\"ewd-ufaq-faq-div ewd-ufaq-faq-column-count-one ewd-ufaq-faq-responsive-columns- ewd-ufaq-faq-display-style-default ewd-ufaq-can-be-toggled\" id='ewd-ufaq-post-887-valkXXXucK' data-post_id='887'>\n\n\t\t\n\t<div class='ewd-ufaq-faq-title ewd-ufaq-faq-toggle'>\n\t\n\t<a class='ewd-ufaq-post-margin'  href='#' role=\"button\">\n\n\t\t<div class='ewd-ufaq-post-margin-symbol ewd-ufaq-'>\n\t\t\t<span >A<\/span>\n\t\t<\/div>\n\n\t\t<div class='ewd-ufaq-faq-title-text'>\n\n\t\t\t<h4>\n\t\t\t\tDo you offer special rates for school groups?\t\t\t<\/h4>\n\n\t\t<\/div>\n\n\t\t<div class='ewd-ufaq-clear'><\/div>\n\n\t<\/a>\n\t\n<\/div>\n\t\n\t<div class='ewd-ufaq-faq-body' >\n\n\t\t\n\t\t\t\n\t\t\n\t\t\t<div class='ewd-ufaq-post-margin ewd-ufaq-faq-post'>\n\t<p>Absolutely. We offer <strong>preferential rates for school groups<\/strong>Depending on the number of participants and the activities chosen. Our team will work with you to draw up a personalised, simple and transparent quote. Don't hesitate to contact us to discuss your requirements.<\/p><\/p>\n<\/div>\n\t\t\n\t\t\t\n\t\t\n\t\t\t\n\t\t\n\t\t\t\n\t\t\n\t\t\t\n\t\t\n\t\t\t\n\t\t\n\t\t\t\n\t\t\n\t\t\t\n\t\t\n\t\t\t\n\t\t\n\t<\/div>\n\n<\/div>\n\t<\/div>\n\n\t\n<\/div>","protected":false},"excerpt":{"rendered":"<p>A Do you offer special rates for school groups? Yes, we do. We offer preferential rates for school groups, depending on the number of participants and the activities chosen. Our team will work with you to draw up a personalised, simple and transparent quote. Don't hesitate to contact us to discuss your requirements.<\/p>","protected":false},"author":1,"featured_media":0,"parent":48,"menu_order":0,"comment_status":"closed","ping_status":"closed","template":"","meta":{"_acf_changed":false,"footnotes":""},"class_list":["post-544","page","type-page","status-publish","hentry"],"acf":[],"yoast_head":"<!-- This site is optimized with the Yoast SEO plugin v26.9 - https:\/\/yoast.com\/product\/yoast-seo-wordpress\/ -->\n<title>Classe de neige Les 2 Alpes \u2013 Cours de ski encadr\u00e9s avec l\u2019ESI<\/title>\n<meta name=\"description\" content=\"Organisez votre classe de neige aux 2 Alpes : cours de ski encadr\u00e9s par des moniteurs dipl\u00f4m\u00e9s. Un accompagnement adapt\u00e9 aux scolaires.\" \/>\n<meta name=\"robots\" content=\"index, follow, max-snippet:-1, max-image-preview:large, max-video-preview:-1\" \/>\n<link rel=\"canonical\" href=\"https:\/\/esi2alpes.com\/en\/groups\/snow-class\/\" \/>\n<meta property=\"og:locale\" content=\"en_GB\" \/>\n<meta property=\"og:type\" content=\"article\" \/>\n<meta property=\"og:title\" content=\"Classe de neige Les 2 Alpes \u2013 Cours de ski encadr\u00e9s avec l\u2019ESI\" \/>\n<meta property=\"og:description\" content=\"Organisez votre classe de neige aux 2 Alpes : cours de ski encadr\u00e9s par des moniteurs dipl\u00f4m\u00e9s. Un accompagnement adapt\u00e9 aux scolaires.\" \/>\n<meta property=\"og:url\" content=\"https:\/\/esi2alpes.com\/en\/groups\/snow-class\/\" \/>\n<meta property=\"og:site_name\" content=\"ESI 2 Alpes\" \/>\n<meta property=\"article:modified_time\" content=\"2025-08-22T13:30:39+00:00\" \/>\n<meta name=\"twitter:card\" content=\"summary_large_image\" \/>\n<meta name=\"twitter:label1\" content=\"Estimated reading time\" \/>\n\t<meta name=\"twitter:data1\" content=\"18 minutes\" \/>\n<!-- \/ Yoast SEO plugin. -->","yoast_head_json":{"title":"Les 2 Alpes snow class - Supervised ski lessons with ESI","description":"Organise your snow class at Les 2 Alpes: ski lessons supervised by qualified instructors. Special support for schoolchildren.","robots":{"index":"index","follow":"follow","max-snippet":"max-snippet:-1","max-image-preview":"max-image-preview:large","max-video-preview":"max-video-preview:-1"},"canonical":"https:\/\/esi2alpes.com\/en\/groups\/snow-class\/","og_locale":"en_GB","og_type":"article","og_title":"Classe de neige Les 2 Alpes \u2013 Cours de ski encadr\u00e9s avec l\u2019ESI","og_description":"Organisez votre classe de neige aux 2 Alpes : cours de ski encadr\u00e9s par des moniteurs dipl\u00f4m\u00e9s. Un accompagnement adapt\u00e9 aux scolaires.","og_url":"https:\/\/esi2alpes.com\/en\/groups\/snow-class\/","og_site_name":"ESI 2 Alpes","article_modified_time":"2025-08-22T13:30:39+00:00","twitter_card":"summary_large_image","twitter_misc":{"Estimated reading time":"18 minutes"},"schema":{"@context":"https:\/\/schema.org","@graph":[{"@type":"WebPage","@id":"https:\/\/esi2alpes.com\/groupes\/classe-de-neige\/","url":"https:\/\/esi2alpes.com\/groupes\/classe-de-neige\/","name":"Les 2 Alpes snow class - Supervised ski lessons with ESI","isPartOf":{"@id":"https:\/\/esi2alpes.com\/#website"},"datePublished":"2025-07-10T13:42:21+00:00","dateModified":"2025-08-22T13:30:39+00:00","description":"Organise your snow class at Les 2 Alpes: ski lessons supervised by qualified instructors. Special support for schoolchildren.","breadcrumb":{"@id":"https:\/\/esi2alpes.com\/groupes\/classe-de-neige\/#breadcrumb"},"inLanguage":"en-GB","potentialAction":[{"@type":"ReadAction","target":["https:\/\/esi2alpes.com\/groupes\/classe-de-neige\/"]}]},{"@type":"BreadcrumbList","@id":"https:\/\/esi2alpes.com\/groupes\/classe-de-neige\/#breadcrumb","itemListElement":[{"@type":"ListItem","position":1,"name":"Accueil","item":"https:\/\/esi2alpes.com\/"},{"@type":"ListItem","position":2,"name":"Groupes","item":"https:\/\/esi2alpes.com\/groupes\/"},{"@type":"ListItem","position":3,"name":"Classe de neige"}]},{"@type":"WebSite","@id":"https:\/\/esi2alpes.com\/#website","url":"https:\/\/esi2alpes.com\/","name":"ESI 2 Alpes","description":"","publisher":{"@id":"https:\/\/esi2alpes.com\/#organization"},"potentialAction":[{"@type":"SearchAction","target":{"@type":"EntryPoint","urlTemplate":"https:\/\/esi2alpes.com\/?s={search_term_string}"},"query-input":{"@type":"PropertyValueSpecification","valueRequired":true,"valueName":"search_term_string"}}],"inLanguage":"en-GB"},{"@type":"Organization","@id":"https:\/\/esi2alpes.com\/#organization","name":"ESI St Christophe","url":"https:\/\/esi2alpes.com\/","logo":{"@type":"ImageObject","inLanguage":"en-GB","@id":"https:\/\/esi2alpes.com\/#\/schema\/logo\/image\/","url":"https:\/\/esi2alpes.com\/wp-content\/uploads\/2025\/07\/Logo-ESI-Les_2_Alpes_St_Christope-1.webp","contentUrl":"https:\/\/esi2alpes.com\/wp-content\/uploads\/2025\/07\/Logo-ESI-Les_2_Alpes_St_Christope-1.webp","width":193,"height":200,"caption":"ESI St Christophe"},"image":{"@id":"https:\/\/esi2alpes.com\/#\/schema\/logo\/image\/"}}]}},"_links":{"self":[{"href":"https:\/\/esi2alpes.com\/en\/wp-json\/wp\/v2\/pages\/544","targetHints":{"allow":["GET"]}}],"collection":[{"href":"https:\/\/esi2alpes.com\/en\/wp-json\/wp\/v2\/pages"}],"about":[{"href":"https:\/\/esi2alpes.com\/en\/wp-json\/wp\/v2\/types\/page"}],"author":[{"embeddable":true,"href":"https:\/\/esi2alpes.com\/en\/wp-json\/wp\/v2\/users\/1"}],"replies":[{"embeddable":true,"href":"https:\/\/esi2alpes.com\/en\/wp-json\/wp\/v2\/comments?post=544"}],"version-history":[{"count":43,"href":"https:\/\/esi2alpes.com\/en\/wp-json\/wp\/v2\/pages\/544\/revisions"}],"predecessor-version":[{"id":2079,"href":"https:\/\/esi2alpes.com\/en\/wp-json\/wp\/v2\/pages\/544\/revisions\/2079"}],"up":[{"embeddable":true,"href":"https:\/\/esi2alpes.com\/en\/wp-json\/wp\/v2\/pages\/48"}],"wp:attachment":[{"href":"https:\/\/esi2alpes.com\/en\/wp-json\/wp\/v2\/media?parent=544"}],"curies":[{"name":"wp","href":"https:\/\/api.w.org\/{rel}","templated":true}]}}